{"id":381,"date":"2020-09-21T13:04:53","date_gmt":"2020-09-21T04:04:53","guid":{"rendered":"https:\/\/140.227.147.207\/hp\/?page_id=381"},"modified":"2023-09-21T13:05:39","modified_gmt":"2023-09-21T04:05:39","slug":"contact","status":"publish","type":"page","link":"https:\/\/www.m-trade.jp\/hp\/contact\/","title":{"rendered":"\u304a\u554f\u5408\u305b"},"content":{"rendered":"<h3><strong>\u304a\u554f\u5408\u305b\u30d5\u30a9\u30fc\u30e0<\/strong><\/h3>\r\n<p>\u4e0b\u8a18\u4e8b\u9805\u306b\u3064\u304d\u307e\u3057\u3066\u3054\u4e86\u89e3\u306e\u3046\u3048\u3001\u304a\u554f\u3044\u5408\u308f\u305b\u304f\u3060\u3055\u3044\u3002<\/p>\r\n<ol>\r\n<li style=\"list-style-type: none;\">\r\n<ol>\r\n<li>\u62c5\u5f53\u304b\u3089\u8fc5\u901f\u306b\u304a\u7b54\u3048\u3092\u5dee\u3057\u4e0a\u3052\u3089\u308c\u308b\u3088\u3046\u52aa\u3081\u307e\u3059\u304c\u3001 \u5185\u5bb9\u306b\u3088\u308a\u307e\u3057\u3066\u306f\u3001\u304a\u7b54\u3048\u304c\u3067\u304d\u306a\u3044\u5834\u5408\u3084\u304a\u6642\u9593\u3092\u3044\u305f\u3060\u304f\u5834\u5408\u3001\u66f8\u9762\u3084\u96fb\u8a71\uff0fFAX\u306a\u3069\u3067\u304a\u7b54\u3048\u3055\u305b\u3066\u3044\u305f\u3060\u304f\u5834\u5408\u3082\u3054\u3056\u3044\u307e\u3059\u306e\u3067\u3001\u3042\u3089\u304b\u3058\u3081\u3054\u4e86\u627f\u304f\u3060\u3055\u3044\u3002<\/li>\r\n<li>\u571f\u66dc\u65e5\u3001\u65e5\u66dc\u65e5\u30fb\u795d\u65e5\u306a\u3069\u5f53\u793e\u4f11\u696d\u65e5\u306b\u3044\u305f\u3060\u3044\u305f\u304a\u554f\u3044\u5408\u308f\u305b\u306b\u3064\u304d\u307e\u3057\u3066\u306f\u3001\u7fcc\u55b6\u696d\u65e5\u4ee5\u964d\u306e\u56de\u7b54\u3068\u306a\u308a\u307e\u3059\u306e\u3067\u3001\u3054\u4e86\u627f\u304f\u3060\u3055\u3044\u3002<\/li>\r\n<li>\u5f53\u793e\u304b\u3089\u304a\u5ba2\u69d8\u306b\u56de\u7b54\u3044\u305f\u3057\u307e\u3057\u305f\u30e1\u30fc\u30eb\u306f\u3001\u304a\u5ba2\u69d8\u500b\u4eba\u306b\u5b9b\u3066\u305f\u3082\u306e\u3067\u3059\u3002\u56de\u7b54\u306e\u4e00\u90e8\u307e\u305f\u306f\u5168\u90e8\u3092\u8ee2\u7528\u3057\u305f\u308a\u3001\u4e8c\u6b21\u5229\u7528\u3059\u308b\u3053\u3068\u306f\u3001\u3054\u9060\u616e\u304f\u3060\u3055\u3044\u3002<\/li>\r\n<li>\u4e0b\u8a18\u30e1\u30fc\u30eb\u30d5\u30a9\u30fc\u30e0\u306b\u3054\u8a18\u5165\u3044\u305f\u3060\u304d\u307e\u3057\u305f\u304a\u5ba2\u69d8\u306e\u60c5\u5831\u306b\u3064\u304d\u307e\u3057\u3066\u306f\u3001\u304a\u5ba2\u69d8\u304b\u3089\u306e\u304a\u554f\u3044\u5408\u308f\u305b\u306b\u56de\u7b54\u3059\u308b\u3053\u3068\u3092\u76ee\u7684\u3068\u3057\u3066\u5229\u7528\u3055\u305b\u3066\u3044\u305f\u3060\u304d\u307e\u3059\u3002<\/li>\r\n<li>\u5f53\u793e\u306b\u500b\u4eba\u60c5\u5831\u3092\u63d0\u4f9b\u3055\u308c\u308b\u304b\u3069\u3046\u304b\u306f\u304a\u5ba2\u69d8\u306e\u4efb\u610f\u3067\u3059\u304c\u3001\u5fc5\u8981\u306a\u60c5\u5831\u3092\u3054\u63d0\u4f9b\u3044\u305f\u3060\u3051\u306a\u3044\u5834\u5408\u3001\u6b63\u3057\u3044\u56de\u7b54\u304c\u3067\u304d\u307e\u305b\u3093\u306e\u3067\u3054\u4e86\u627f\u304f\u3060\u3055\u3044\u3002<br \/><hr \/><\/li>\r\n<\/ol>\r\n<\/li>\r\n<\/ol>\r\n<div role=\"form\" class=\"wpcf7\" id=\"wpcf7-f385-o1\" lang=\"ja\" dir=\"ltr\">\n<div class=\"screen-reader-response\"><p role=\"status\" aria-live=\"polite\" aria-atomic=\"true\"><\/p> <ul><\/ul><\/div>\n<form action=\"\/hp\/wp-json\/wp\/v2\/pages\/381#wpcf7-f385-o1\" method=\"post\" class=\"wpcf7-form init\" novalidate=\"novalidate\" data-status=\"init\">\n<div style=\"display: none;\">\n<input type=\"hidden\" name=\"_wpcf7\" value=\"385\" \/>\n<input type=\"hidden\" name=\"_wpcf7_version\" value=\"5.6\" \/>\n<input type=\"hidden\" name=\"_wpcf7_locale\" value=\"ja\" \/>\n<input type=\"hidden\" name=\"_wpcf7_unit_tag\" value=\"wpcf7-f385-o1\" \/>\n<input type=\"hidden\" name=\"_wpcf7_container_post\" value=\"0\" \/>\n<input type=\"hidden\" name=\"_wpcf7_posted_data_hash\" value=\"\" \/>\n<\/div>\n<p>\u203b\u304a\u5ba2\u69d8\u306e\u5165\u529b\u9802\u3044\u305f\u60c5\u5831\u306f\u3001\u3054\u56de\u7b54\u4ee5\u5916\u306e\u76ee\u7684\u3067\u4f7f\u7528\u3044\u305f\u3057\u307e\u305b\u3093\u3002<br \/>\n\u203b\u304a\u554f\u3044\u5408\u308f\u305b\u5185\u5bb9\u306b\u3088\u308a\u3001\u3054\u8fd4\u4e8b\u306b\u6570\u65e5\u304b\u304b\u308b\u5834\u5408\u3082\u3054\u3056\u3044\u307e\u3059\u3002\u3054\u4e86\u627f\u9858\u3044\u307e\u3059\u3002<br \/>\n\u3000\u5f53\u304a\u7533\u3057\u8fbc\u307f\u30da\u30fc\u30b8\u306f\u3001SSL\u6697\u53f7\u5316\u901a\u4fe1\u3092\u63a1\u7528\u3057\u3066\u304a\u308a\u307e\u3059\u3002\u5b89\u5fc3\u3057\u3066\u3054\u5229\u7528\u4e0b\u3055\u3044\u307e\u305b\u3002<\/p>\n<table width=\"90%\" class=\"table table-bordered table-striped table-contactform7\">\n<tr>\n<th><span class=\"title-contactform7\">\u6cd5\u4eba\u306e\u5834\u5408<\/span><\/th>\n<td class=\"office-60\">\u4f1a\u793e\u540d\uff1a<span class=\"wpcf7-form-control-wrap\" data-name=\"your-office\"><input type=\"text\" name=\"your-office\" value=\"\" size=\"40\" class=\"wpcf7-form-control wpcf7-text\" aria-invalid=\"false\" \/><\/span> <BR>\u90e8\u7f72\u540d\uff1a<span class=\"wpcf7-form-control-wrap\" data-name=\"your-office-dpt\"><input type=\"text\" name=\"your-office-dpt\" value=\"\" size=\"40\" class=\"wpcf7-form-control wpcf7-text\" aria-invalid=\"false\" \/><\/span><br \/>\n\u3000\u3000\u3000\u3000*\u6cd5\u4eba\u306e\u304a\u5ba2\u3055\u307e\u30fb\u30fb\u30fb\u3054\u9023\u7d61\u5148\u304c\u4f01\u696d\u306e\u5834\u5408\u306f\u3001\u4f1a\u793e\u540d\u3068\u62c5\u5f53\u8005\u540d\u3092\u3054\u8a18\u5165\u304f\u3060\u3055\u3044\u3002 <\/td>\n<\/tr>\n<tr>\n<th><span class=\"required-contactform7\">\u5fc5\u9808<\/span><span class=\"title-contactform7\">\u6c0f\u540d<\/span><\/th>\n<td class=\"txt-40\"><span class=\"wpcf7-form-control-wrap\" data-name=\"your-name\"><input type=\"text\" name=\"your-name\" value=\"\" size=\"40\" class=\"wpcf7-form-control wpcf7-text wpcf7-validates-as-required\" aria-required=\"true\" aria-invalid=\"false\" placeholder=\"\u4f8b\uff1a\u5c71\u7530\u3000\u592a\u90ce\" \/><\/span> <\/td>\n<\/tr>\n<tr>\n<th><span class=\"required-contactform7\">\u5fc5\u9808<\/span><span class=\"title-contactform7\">\u6c0f\u540d\u30ab\u30ca<\/span><\/th>\n<td class=\"txt-40\"><span class=\"wpcf7-form-control-wrap\" data-name=\"your-kana\"><input type=\"text\" name=\"your-kana\" value=\"\" size=\"40\" class=\"wpcf7-form-control wpcf7-text wpcf7-validates-as-required\" aria-required=\"true\" aria-invalid=\"false\" placeholder=\"\u4f8b\uff1a\u30e4\u30de\u30c0\u3000\u30bf\u30ed\u30a6\" \/><\/span> <\/td>\n<\/tr>\n<tr>\n<th><span class=\"required-contactform7\">\u5fc5\u9808<\/span><span class=\"title-contactform7\">\u30e1\u30fc\u30eb\u30a2\u30c9\u30ec\u30b9<\/span><\/th>\n<td class=\"txt-40\"><span class=\"wpcf7-form-control-wrap\" data-name=\"your-email\"><input type=\"email\" name=\"your-email\" value=\"\" size=\"40\" class=\"wpcf7-form-control wpcf7-text wpcf7-email wpcf7-validates-as-required wpcf7-validates-as-email\" aria-required=\"true\" aria-invalid=\"false\" placeholder=\"\u4f8b\uff1a\u00d7\u00d7\u00d7@\u00d7\u00d7\u00d7.com\" \/><\/span><\/td>\n<\/tr>\n<tr>\n<th><span class=\"required-contactform7\">\u5fc5\u9808<\/span><span class=\"title-contactform7\">\u90f5\u4fbf\u756a\u53f7<\/span><\/th>\n<td class=\"txt-40\"><span class=\"wpcf7-form-control-wrap\" data-name=\"zip\"><input type=\"text\" name=\"zip\" value=\"\" size=\"40\" class=\"wpcf7-form-control wpcf7-text wpcf7-validates-as-required\" id=\"zip\" aria-required=\"true\" aria-invalid=\"false\" placeholder=\"\u4f8b\uff1a101-0041\" \/><\/span> <\/td>\n<\/tr>\n<tr>\n<th><span class=\"required-contactform7\">\u5fc5\u9808<\/span><span class=\"title-contactform7\">\u90fd\u9053\u5e9c\u770c<\/span><\/th>\n<td class=\"txt-40\"><span class=\"wpcf7-form-control-wrap\" data-name=\"pref\"><input type=\"text\" name=\"pref\" value=\"\" size=\"40\" class=\"wpcf7-form-control wpcf7-text wpcf7-validates-as-required\" id=\"pref\" aria-required=\"true\" aria-invalid=\"false\" placeholder=\"\u4f8b\uff1a\u6771\u4eac\u90fd\" \/><\/span><\/td>\n<\/tr>\n<tr>\n<th><span class=\"required-contactform7\">\u5fc5\u9808<\/span><span class=\"title-contactform7\">\u3054\u4f4f\u6240<\/span><\/th>\n<td class=\"address-100\"><span class=\"wpcf7-form-control-wrap\" data-name=\"addr\"><input type=\"text\" name=\"addr\" value=\"\" size=\"40\" class=\"wpcf7-form-control wpcf7-text wpcf7-validates-as-required\" id=\"addr\" aria-required=\"true\" aria-invalid=\"false\" placeholder=\"\u4f8b\uff1a\u5343\u4ee3\u7530\u533a\u795e\u7530\u9808\u7530\u753a1-24-4\u3000THE CROSS \u795e\u7530\uff14\u968e\" \/><\/span><\/td>\n<\/tr>\n<tr>\n<th><span class=\"required-contactform7\">\u5fc5\u9808<\/span><span class=\"title-contactform7\">\u9023\u7d61\u5148\u96fb\u8a71\u756a\u53f7<\/span><\/th>\n<td class=\"txt-40\"><span class=\"wpcf7-form-control-wrap\" data-name=\"your-tel\"><input type=\"text\" name=\"your-tel\" value=\"\" size=\"40\" class=\"wpcf7-form-control wpcf7-text wpcf7-validates-as-required\" aria-required=\"true\" aria-invalid=\"false\" placeholder=\"\u4f8b\uff1a0952-60-6240\" \/><\/span><\/td>\n<\/tr>\n<tr>\n<th><span class=\"required-contactform7\">\u5fc5\u9808<\/span><span class=\"title-contactform7\">\u4ef6\u540d<\/span><\/th>\n<td class=\"address-100\"><span class=\"wpcf7-form-control-wrap\" data-name=\"your-subject\"><input type=\"text\" name=\"your-subject\" value=\"\" size=\"40\" class=\"wpcf7-form-control wpcf7-text wpcf7-validates-as-required\" id=\"your-subject\" aria-required=\"true\" aria-invalid=\"false\" \/><\/span><\/td>\n<\/tr>\n<tr>\n<th><span class=\"required-contactform7\">\u5fc5\u9808<\/span><span class=\"title-contactform7\">\u304a\u554f\u5408\u305b\u5185\u5bb9<\/span><\/th>\n<td class=\"message-100\"><span class=\"wpcf7-form-control-wrap\" data-name=\"your-message\"><textarea name=\"your-message\" cols=\"40\" rows=\"10\" class=\"wpcf7-form-control wpcf7-textarea wpcf7-validates-as-required\" aria-required=\"true\" aria-invalid=\"false\"><\/textarea><\/span><\/td>\n<\/tr>\n<\/table>\n<p><span class=\"wpcf7-form-control-wrap\" data-name=\"mailchk\"><span class=\"wpcf7-form-control wpcf7-checkbox wpcf7-validates-as-required wpcf7-exclusive-checkbox\" id=\"mailchek\"><span class=\"wpcf7-list-item first last\"><label><input type=\"checkbox\" name=\"mailchk\" value=\"\u500b\u4eba\u60c5\u5831\u306e\u53d6\u308a\u6271\u3044\u306b\u540c\u610f\u3057\u307e\u3059\u3002\" \/><span class=\"wpcf7-list-item-label\">\u500b\u4eba\u60c5\u5831\u306e\u53d6\u308a\u6271\u3044\u306b\u540c\u610f\u3057\u307e\u3059\u3002<\/span><\/label><\/span><\/span><\/span><br \/>\n\u3000\u3000\u4e0b\u8a18\u30ea\u30f3\u30af\u3088\u308a\u3001\u500b\u4eba\u60c5\u5831\u306e\u53d6\u308a\u6271\u3044\u3092\u3054\u78ba\u8a8d\u306e\u4e0a\u3001\u3054\u540c\u610f\u3044\u305f\u3060\u3051\u308b\u5834\u5408\u3001\u540c\u610f\u30c1\u30a7\u30c3\u30af\u3092\u3057\u3001\u9001\u4fe1\u3057\u3066\u304f\u3060\u3055\u3044\u3002<br \/>\n\u3000\u3000<a href=\"https:\/\/www.m-trade.jp\/hp\/privacypolicy\/\" target=\"_blank\" rel=\"noreferrer noopener\">\u500b\u4eba\u60c5\u5831\u306e\u53d6\u308a\u6271\u3044\u306b\u3064\u3044\u3066<\/a><\/p>\n<p class=\"text-xs-center\"><input type=\"submit\" value=\"\u9001\u4fe1\u3059\u308b\" class=\"wpcf7-form-control has-spinner wpcf7-submit btn btn-success btn-lg\" \/><\/p>\n<div class=\"wpcf7-response-output\" aria-hidden=\"true\"><\/div><\/form><\/div>\n\r\n","protected":false},"excerpt":{"rendered":"\u304a\u554f\u5408\u305b\u30d5\u30a9\u30fc\u30e0 \u4e0b\u8a18\u4e8b\u9805\u306b\u3064\u304d\u307e\u3057\u3066\u3054\u4e86\u89e3\u306e\u3046\u3048\u3001\u304a\u554f\u3044\u5408\u308f\u305b\u304f\u3060\u3055\u3044\u3002 \u62c5\u5f53\u304b\u3089\u8fc5\u901f\u306b\u304a\u7b54\u3048\u3092\u5dee\u3057\u4e0a\u3052\u3089\u308c\u308b\u3088\u3046\u52aa\u3081\u307e\u3059\u304c\u3001 \u5185\u5bb9\u306b\u3088\u308a\u307e\u3057\u3066\u306f\u3001\u304a\u7b54\u3048\u304c\u3067\u304d\u306a\u3044\u5834\u5408\u3084\u304a\u6642\u9593\u3092\u3044\u305f\u3060\u304f\u5834\u5408\u3001\u66f8\u9762\u3084...","protected":false},"author":1,"featured_media":0,"parent":0,"menu_order":0,"comment_status":"closed","ping_status":"closed","template":"","meta":{"footnotes":""},"class_list":["post-381","page","type-page","status-publish","hentry"],"_links":{"self":[{"href":"https:\/\/www.m-trade.jp\/hp\/wp-json\/wp\/v2\/pages\/381","targetHints":{"allow":["GET"]}}],"collection":[{"href":"https:\/\/www.m-trade.jp\/hp\/wp-json\/wp\/v2\/pages"}],"about":[{"href":"https:\/\/www.m-trade.jp\/hp\/wp-json\/wp\/v2\/types\/page"}],"author":[{"embeddable":true,"href":"https:\/\/www.m-trade.jp\/hp\/wp-json\/wp\/v2\/users\/1"}],"replies":[{"embeddable":true,"href":"https:\/\/www.m-trade.jp\/hp\/wp-json\/wp\/v2\/comments?post=381"}],"version-history":[{"count":8,"href":"https:\/\/www.m-trade.jp\/hp\/wp-json\/wp\/v2\/pages\/381\/revisions"}],"predecessor-version":[{"id":614,"href":"https:\/\/www.m-trade.jp\/hp\/wp-json\/wp\/v2\/pages\/381\/revisions\/614"}],"wp:attachment":[{"href":"https:\/\/www.m-trade.jp\/hp\/wp-json\/wp\/v2\/media?parent=381"}],"curies":[{"name":"wp","href":"https:\/\/api.w.org\/{rel}","templated":true}]}}